{"id":76,"date":"2020-10-08T15:37:23","date_gmt":"2020-10-08T18:37:23","guid":{"rendered":"http:\/\/brito.art.br\/?page_id=76"},"modified":"2020-12-08T15:30:07","modified_gmt":"2020-12-08T18:30:07","slug":"servicos","status":"publish","type":"page","link":"https:\/\/brito.art.br\/index.php\/servicos\/","title":{"rendered":"Servi\u00e7os"},"content":{"rendered":"\t\t<div data-elementor-type=\"wp-page\" data-elementor-id=\"76\" class=\"elementor elementor-76\" data-elementor-settings=\"[]\">\n\t\t\t\t\t\t<div class=\"elementor-inner\">\n\t\t\t\t\t\t\t<div class=\"elementor-section-wrap\">\n\t\t\t\t\t\t\t<section class=\"elementor-section elementor-top-section elementor-element elementor-element-c9fa792 elementor-section-boxed elementor-section-height-default elementor-section-height-default\" data-id=\"c9fa792\" data-element_type=\"section\">\n\t\t\t\t\t\t<div class=\"elementor-container elementor-column-gap-default\">\n\t\t\t\t\t\t\t<div class=\"elementor-row\">\n\t\t\t\t\t<div class=\"elementor-column elementor-col-100 elementor-top-column elementor-element elementor-element-5e9383a\" data-id=\"5e9383a\" data-element_type=\"column\">\n\t\t\t<div class=\"elementor-column-wrap elementor-element-populated\">\n\t\t\t\t\t\t\t<div class=\"elementor-widget-wrap\">\n\t\t\t\t\t\t<div class=\"elementor-element elementor-element-9486d20 elementor-widget elementor-widget-text-editor\" data-id=\"9486d20\" data-element_type=\"widget\" data-widget_type=\"text-editor.default\">\n\t\t\t\t<div class=\"elementor-widget-container\">\n\t\t\t\t\t<div class=\"elementor-text-editor elementor-clearfix\"><p>Aqui voc\u00ea pode encontrar alguns dos servi\u00e7os que presto e ser\u00e1 um prazer servi-lo:<\/p><h4><img loading=\"lazy\" decoding=\"async\" class=\"alignnone  wp-image-6\" src=\"http:\/\/brito.art.br\/wp-content\/uploads\/2020\/10\/brito_icon.png\" alt=\"\" width=\"34\" height=\"34\" \/>\u00a0 Arranjador \/ Mentoria musical<\/h4><p>N\u00e3o importa o seu estilo, tanto posso fazer o seu arranjo quanto apenas assessora-lo para que a sua m\u00fasica expresse tudo que sonhou quando a comp\u00f4s.<\/p><p>Dire\u00e7\u00e3o de show \/ ensaio <br \/>Seja apenas como um dos m\u00fasicos de sua banda, ou mesmo com o band leader, ser\u00e1 um prazer fazer parte de sua turn\u00ea ou seu show. Posso escrever o arranjos pra sua banda ou, se sua banda n\u00e3o tiver o costume de usar partituras e cifras, achar a melhor maneira de facilitar os seus ensaios ganhando tempo.<\/p><p>\u00a0<\/p><h4><img loading=\"lazy\" decoding=\"async\" class=\"alignnone  wp-image-6\" src=\"http:\/\/brito.art.br\/wp-content\/uploads\/2020\/10\/brito_icon.png\" alt=\"\" width=\"34\" height=\"34\" \/>\u00a0Edi\u00e7\u00e3o \/ afina\u00e7\u00e3o<\/h4><p>Sabemos o qu\u00e3o desagrad\u00e1vel numa m\u00fasica \u00e9 uma voz desafinada ou mesmo uma voz artificialmente afinada. Pra voc\u00ea, sua banda, e at\u00e9 mesmo seu produtor, que est\u00e3o envolvidos na grava\u00e7\u00e3o de um material, ter um &#8220;ouvido&#8221; opinando de fora pode ser importante. Pouco importa se sua grava\u00e7\u00e3o foi feita em canal mono ou multipista, aquela voz do vocal que n\u00e3o atingiu a nota correta pode ser ajustada.<\/p><p>\u00a0<\/p><h4><img loading=\"lazy\" decoding=\"async\" class=\"alignnone  wp-image-6\" src=\"http:\/\/brito.art.br\/wp-content\/uploads\/2020\/10\/brito_icon.png\" alt=\"\" width=\"34\" height=\"34\" \/>\u00a0Mentoria nas grava\u00e7\u00f5es<\/h4><p>Ter uma voz cr\u00edtica, positiva ou n\u00e3o, sobre arranjo, composi\u00e7\u00e3o, qualidade ou defeitos t\u00e9cnicos da sua grava\u00e7\u00e3o, pode fazer toda diferen\u00e7a pra que sua plateia aprecie sua m\u00fasica.<\/p><\/div>\n\t\t\t\t<\/div>\n\t\t\t\t<\/div>\n\t\t\t\t\t\t<\/div>\n\t\t\t\t\t<\/div>\n\t\t<\/div>\n\t\t\t\t\t\t\t\t<\/div>\n\t\t\t\t\t<\/div>\n\t\t<\/section>\n\t\t\t\t\t\t<\/div>\n\t\t\t\t\t\t<\/div>\n\t\t\t\t\t<\/div>\n\t\t","protected":false},"excerpt":{"rendered":"<p>Aqui voc\u00ea pode encontrar alguns dos servi\u00e7os que presto e<\/p>\n<p class=\"more-link\"><a href=\"https:\/\/brito.art.br\/index.php\/servicos\/\" class=\"readmore\">Saiba mais&#8230;<span class=\"screen-reader-text\">Servi\u00e7os<\/span><\/a><\/p>\n","protected":false},"author":1,"featured_media":7,"parent":0,"menu_order":0,"comment_status":"closed","ping_status":"closed","template":"","meta":{"footnotes":"","_links_to":"","_links_to_target":""},"class_list":["post-76","page","type-page","status-publish","has-post-thumbnail","hentry"],"_links":{"self":[{"href":"https:\/\/brito.art.br\/index.php\/wp-json\/wp\/v2\/pages\/76","targetHints":{"allow":["GET"]}}],"collection":[{"href":"https:\/\/brito.art.br\/index.php\/wp-json\/wp\/v2\/pages"}],"about":[{"href":"https:\/\/brito.art.br\/index.php\/wp-json\/wp\/v2\/types\/page"}],"author":[{"embeddable":true,"href":"https:\/\/brito.art.br\/index.php\/wp-json\/wp\/v2\/users\/1"}],"replies":[{"embeddable":true,"href":"https:\/\/brito.art.br\/index.php\/wp-json\/wp\/v2\/comments?post=76"}],"version-history":[{"count":4,"href":"https:\/\/brito.art.br\/index.php\/wp-json\/wp\/v2\/pages\/76\/revisions"}],"predecessor-version":[{"id":162,"href":"https:\/\/brito.art.br\/index.php\/wp-json\/wp\/v2\/pages\/76\/revisions\/162"}],"wp:featuredmedia":[{"embeddable":true,"href":"https:\/\/brito.art.br\/index.php\/wp-json\/wp\/v2\/media\/7"}],"wp:attachment":[{"href":"https:\/\/brito.art.br\/index.php\/wp-json\/wp\/v2\/media?parent=76"}],"curies":[{"name":"wp","href":"https:\/\/api.w.org\/{rel}","templated":true}]}}