{"id":26,"date":"2020-10-02T17:23:20","date_gmt":"2020-10-02T20:23:20","guid":{"rendered":"http:\/\/brito.art.br\/?page_id=26"},"modified":"2020-12-18T13:06:46","modified_gmt":"2020-12-18T16:06:46","slug":"depoimentos","status":"publish","type":"page","link":"https:\/\/brito.art.br\/index.php\/depoimentos\/","title":{"rendered":"Depoimentos"},"content":{"rendered":"\t\t<div data-elementor-type=\"wp-page\" data-elementor-id=\"26\" class=\"elementor elementor-26\" data-elementor-settings=\"[]\">\n\t\t\t\t\t\t<div class=\"elementor-inner\">\n\t\t\t\t\t\t\t<div class=\"elementor-section-wrap\">\n\t\t\t\t\t\t\t<section class=\"elementor-section elementor-top-section elementor-element elementor-element-1a9f851 elementor-section-boxed elementor-section-height-default elementor-section-height-default\" data-id=\"1a9f851\" data-element_type=\"section\">\n\t\t\t\t\t\t<div class=\"elementor-container elementor-column-gap-default\">\n\t\t\t\t\t\t\t<div class=\"elementor-row\">\n\t\t\t\t\t<div class=\"elementor-column elementor-col-100 elementor-top-column elementor-element elementor-element-fcacd99\" data-id=\"fcacd99\" data-element_type=\"column\">\n\t\t\t<div class=\"elementor-column-wrap elementor-element-populated\">\n\t\t\t\t\t\t\t<div class=\"elementor-widget-wrap\">\n\t\t\t\t\t\t<div class=\"elementor-element elementor-element-87c426c elementor-widget elementor-widget-testimonial\" data-id=\"87c426c\" data-element_type=\"widget\" data-widget_type=\"testimonial.default\">\n\t\t\t\t<div class=\"elementor-widget-container\">\n\t\t\t\t\t<div class=\"elementor-testimonial-wrapper elementor-testimonial-text-align-center\">\n\t\t\t\t\t\t\t<div class=\"elementor-testimonial-content\">Pesa sobre mim uma grande responsabilidade em falar do Sidnei Brito, por ser ele um dos maiores m\u00fasicos que conhe\u00e7o. N\u00e3o s\u00f3 pelo bom gosto que tem, pelo cuidado com o que escuta, mas pela meticulosidade com que comp\u00f5e e arranja. Tive a honra de ter v\u00e1rias m\u00fasicas minhas arranjadas por este grande m\u00fasico e ainda hoje, anos depois, as entrego de olhos fechados, sabendo que ele sempre ir\u00e1 me surpreender. Espero que este seja o primeiro de muitos trabalhos autorais. Ele tem m\u00fasicas surpreendentes, que passeiam desde o jazz tradicional ao contempor\u00e2neo, nos trazendo enlevo e um sentimento saudoso, ao mesmo tempo cheio de esperan\u00e7a! S\u00e3o essas emo\u00e7\u00f5es que um grande compositor consegue extrair de seus ouvintes. <br>Obrigada Brito! <br>Deus&nbsp;aben\u00e7oe sua jornada!<\/div>\n\t\t\t\n\t\t\t\t\t\t<div class=\"elementor-testimonial-meta elementor-has-image elementor-testimonial-image-position-aside\">\n\t\t\t\t<div class=\"elementor-testimonial-meta-inner\">\n\t\t\t\t\t\t\t\t\t\t\t<div class=\"elementor-testimonial-image\">\n\t\t\t\t\t\t\t<img loading=\"lazy\" decoding=\"async\" width=\"500\" height=\"500\" src=\"https:\/\/brito.art.br\/wp-content\/uploads\/2020\/12\/glaucia-carvalho.jpg\" class=\"attachment-full size-full\" alt=\"\" srcset=\"https:\/\/brito.art.br\/wp-content\/uploads\/2020\/12\/glaucia-carvalho.jpg 500w, https:\/\/brito.art.br\/wp-content\/uploads\/2020\/12\/glaucia-carvalho-300x300.jpg 300w, https:\/\/brito.art.br\/wp-content\/uploads\/2020\/12\/glaucia-carvalho-150x150.jpg 150w, https:\/\/brito.art.br\/wp-content\/uploads\/2020\/12\/glaucia-carvalho-180x180.jpg 180w, https:\/\/brito.art.br\/wp-content\/uploads\/2020\/12\/glaucia-carvalho-50x50.jpg 50w\" sizes=\"auto, (max-width: 500px) 100vw, 500px\" \/>\t\t\t\t\t\t<\/div>\n\t\t\t\t\t\n\t\t\t\t\t\t\t\t\t\t<div class=\"elementor-testimonial-details\">\n\t\t\t\t\t\t\t\t\t\t\t\t\t\t<div class=\"elementor-testimonial-name\">Gl\u00e1ucia Carvalho<\/div>\n\t\t\t\t\t\t\t\t\t\t\t\t\t\t\t\t\t\t\t\t\t\t<div class=\"elementor-testimonial-job\">Compositora e musicista<\/div>\n\t\t\t\t\t\t\t\t\t\t\t\t\t<\/div>\n\t\t\t\t\t\t\t\t\t<\/div>\n\t\t\t<\/div>\n\t\t\t\t\t<\/div>\n\t\t\t\t<\/div>\n\t\t\t\t<\/div>\n\t\t\t\t\t\t<\/div>\n\t\t\t\t\t<\/div>\n\t\t<\/div>\n\t\t\t\t\t\t\t\t<\/div>\n\t\t\t\t\t<\/div>\n\t\t<\/section>\n\t\t\t\t<section class=\"elementor-section elementor-top-section elementor-element elementor-element-bae352c elementor-section-boxed elementor-section-height-default elementor-section-height-default\" data-id=\"bae352c\" data-element_type=\"section\">\n\t\t\t\t\t\t<div class=\"elementor-container elementor-column-gap-default\">\n\t\t\t\t\t\t\t<div class=\"elementor-row\">\n\t\t\t\t\t<div class=\"elementor-column elementor-col-100 elementor-top-column elementor-element elementor-element-ccc33f5\" data-id=\"ccc33f5\" data-element_type=\"column\">\n\t\t\t<div class=\"elementor-column-wrap elementor-element-populated\">\n\t\t\t\t\t\t\t<div class=\"elementor-widget-wrap\">\n\t\t\t\t\t\t<div class=\"elementor-element elementor-element-435af45 elementor-widget elementor-widget-spacer\" data-id=\"435af45\" data-element_type=\"widget\" data-widget_type=\"spacer.default\">\n\t\t\t\t<div class=\"elementor-widget-container\">\n\t\t\t\t\t<div class=\"elementor-spacer\">\n\t\t\t<div class=\"elementor-spacer-inner\"><\/div>\n\t\t<\/div>\n\t\t\t\t<\/div>\n\t\t\t\t<\/div>\n\t\t\t\t\t\t<\/div>\n\t\t\t\t\t<\/div>\n\t\t<\/div>\n\t\t\t\t\t\t\t\t<\/div>\n\t\t\t\t\t<\/div>\n\t\t<\/section>\n\t\t\t\t<section class=\"elementor-section elementor-top-section elementor-element elementor-element-dcb9b8b elementor-section-boxed elementor-section-height-default elementor-section-height-default\" data-id=\"dcb9b8b\" data-element_type=\"section\">\n\t\t\t\t\t\t<div class=\"elementor-container elementor-column-gap-default\">\n\t\t\t\t\t\t\t<div class=\"elementor-row\">\n\t\t\t\t\t<div class=\"elementor-column elementor-col-100 elementor-top-column elementor-element elementor-element-8ef3ae0\" data-id=\"8ef3ae0\" data-element_type=\"column\">\n\t\t\t<div class=\"elementor-column-wrap elementor-element-populated\">\n\t\t\t\t\t\t\t<div class=\"elementor-widget-wrap\">\n\t\t\t\t\t\t<div class=\"elementor-element elementor-element-8b4dd43 elementor-widget elementor-widget-testimonial\" data-id=\"8b4dd43\" data-element_type=\"widget\" data-widget_type=\"testimonial.default\">\n\t\t\t\t<div class=\"elementor-widget-container\">\n\t\t\t\t\t<div class=\"elementor-testimonial-wrapper elementor-testimonial-text-align-center\">\n\t\t\t\t\t\t\t<div class=\"elementor-testimonial-content\">Conheci o Brito em 91, quando eu ainda morava em Bras\u00edlia.\nDesde ent\u00e3o a gente, sempre, manteve esse contato a\u00ed; eu t\u00f4 sempre de olho no que ele anda fazendo.\nE \u00e9, muito bom saber, uma surpresa muito boa saber que agora tem a\u00ed esse disco \u00e0 disposi\u00e7\u00e3o dos amantes da m\u00fasica. \nO Brito \u00e9 um m\u00fasico maravilhoso, de um bom gosto raro, muito bom gosto\nN\u00e3o perca, n\u00e3o deixe de ouvir. \nSuper recomendo.\nUm beijo, Brito.\nArrasou<\/div>\n\t\t\t\n\t\t\t\t\t\t<div class=\"elementor-testimonial-meta elementor-has-image elementor-testimonial-image-position-aside\">\n\t\t\t\t<div class=\"elementor-testimonial-meta-inner\">\n\t\t\t\t\t\t\t\t\t\t\t<div class=\"elementor-testimonial-image\">\n\t\t\t\t\t\t\t<img loading=\"lazy\" decoding=\"async\" width=\"480\" height=\"480\" src=\"https:\/\/brito.art.br\/wp-content\/uploads\/2020\/12\/marco-brito.jpg\" class=\"attachment-full size-full\" alt=\"\" srcset=\"https:\/\/brito.art.br\/wp-content\/uploads\/2020\/12\/marco-brito.jpg 480w, https:\/\/brito.art.br\/wp-content\/uploads\/2020\/12\/marco-brito-300x300.jpg 300w, https:\/\/brito.art.br\/wp-content\/uploads\/2020\/12\/marco-brito-150x150.jpg 150w, https:\/\/brito.art.br\/wp-content\/uploads\/2020\/12\/marco-brito-180x180.jpg 180w, https:\/\/brito.art.br\/wp-content\/uploads\/2020\/12\/marco-brito-50x50.jpg 50w\" sizes=\"auto, (max-width: 480px) 100vw, 480px\" \/>\t\t\t\t\t\t<\/div>\n\t\t\t\t\t\n\t\t\t\t\t\t\t\t\t\t<div class=\"elementor-testimonial-details\">\n\t\t\t\t\t\t\t\t\t\t\t\t\t\t<div class=\"elementor-testimonial-name\">Marco Brito<\/div>\n\t\t\t\t\t\t\t\t\t\t\t\t\t\t\t\t\t\t\t\t\t\t<div class=\"elementor-testimonial-job\">M\u00fasico<\/div>\n\t\t\t\t\t\t\t\t\t\t\t\t\t<\/div>\n\t\t\t\t\t\t\t\t\t<\/div>\n\t\t\t<\/div>\n\t\t\t\t\t<\/div>\n\t\t\t\t<\/div>\n\t\t\t\t<\/div>\n\t\t\t\t\t\t<\/div>\n\t\t\t\t\t<\/div>\n\t\t<\/div>\n\t\t\t\t\t\t\t\t<\/div>\n\t\t\t\t\t<\/div>\n\t\t<\/section>\n\t\t\t\t<section class=\"elementor-section elementor-top-section elementor-element elementor-element-823c0e5 elementor-section-boxed elementor-section-height-default elementor-section-height-default\" data-id=\"823c0e5\" data-element_type=\"section\">\n\t\t\t\t\t\t<div class=\"elementor-container elementor-column-gap-default\">\n\t\t\t\t\t\t\t<div class=\"elementor-row\">\n\t\t\t\t\t<div class=\"elementor-column elementor-col-100 elementor-top-column elementor-element elementor-element-bb5c48d\" data-id=\"bb5c48d\" data-element_type=\"column\">\n\t\t\t<div class=\"elementor-column-wrap elementor-element-populated\">\n\t\t\t\t\t\t\t<div class=\"elementor-widget-wrap\">\n\t\t\t\t\t\t<div class=\"elementor-element elementor-element-ad2da6d elementor-widget elementor-widget-spacer\" data-id=\"ad2da6d\" data-element_type=\"widget\" data-widget_type=\"spacer.default\">\n\t\t\t\t<div class=\"elementor-widget-container\">\n\t\t\t\t\t<div class=\"elementor-spacer\">\n\t\t\t<div class=\"elementor-spacer-inner\"><\/div>\n\t\t<\/div>\n\t\t\t\t<\/div>\n\t\t\t\t<\/div>\n\t\t\t\t\t\t<\/div>\n\t\t\t\t\t<\/div>\n\t\t<\/div>\n\t\t\t\t\t\t\t\t<\/div>\n\t\t\t\t\t<\/div>\n\t\t<\/section>\n\t\t\t\t<section class=\"elementor-section elementor-top-section elementor-element elementor-element-05e3ea9 elementor-section-boxed elementor-section-height-default elementor-section-height-default\" data-id=\"05e3ea9\" data-element_type=\"section\">\n\t\t\t\t\t\t<div class=\"elementor-container elementor-column-gap-default\">\n\t\t\t\t\t\t\t<div class=\"elementor-row\">\n\t\t\t\t\t<div class=\"elementor-column elementor-col-100 elementor-top-column elementor-element elementor-element-e32a8aa\" data-id=\"e32a8aa\" data-element_type=\"column\">\n\t\t\t<div class=\"elementor-column-wrap elementor-element-populated\">\n\t\t\t\t\t\t\t<div class=\"elementor-widget-wrap\">\n\t\t\t\t\t\t<div class=\"elementor-element elementor-element-6f41b14 elementor-widget elementor-widget-testimonial\" data-id=\"6f41b14\" data-element_type=\"widget\" data-widget_type=\"testimonial.default\">\n\t\t\t\t<div class=\"elementor-widget-container\">\n\t\t\t\t\t<div class=\"elementor-testimonial-wrapper elementor-testimonial-text-align-center\">\n\t\t\t\t\t\t\t<div class=\"elementor-testimonial-content\">Compor me lembra o ato da Cria\u00e7\u00e3o, quando do nada Deus fez tudo. A vida que por Deus nos foi dada \u00e9 um \u00e1timo, um fragmento, um min\u00fasculo trecho de uma bela can\u00e7\u00e3o de amor que nos impulsiona a apreciar algu\u00e9m maior do que ela. N\u00e3o h\u00e1 como refletir sobre a vida sem pensar no que j\u00e1 se foi e no que ainda h\u00e1 de vir. As m\u00fasicas do Brito nos instiga a pensar sobre tudo isso. \n\n\nEm tempos de Lockdown, nunca foi t\u00e3o corriqueiro e necess\u00e1rio dar conselhos Aos filhos com medo de que digam At\u00e9 breve. A verdade \u00e9 que nossas vidas surgem e desaparecem como o feixe de luz que desvanece no filamento da l\u00e2mpada. Tudo \u00e9 muito r\u00e1pido como numa m\u00fasica do Chick Corea e por vezes incisivo como um martelo (Hammer em ingl\u00eas). Por isso, \u00e9 t\u00e3o valioso quando can\u00e7\u00f5es agem como uma m\u00e1quina fotogr\u00e1fica e fazem um Timelapse (um registro \u00e0 partir de uma sequ\u00eancia de fotos). \n\n\nEsse disco busca tocar esses mist\u00e9rios da vida e nada como apreciar os momentos por meio de belas can\u00e7\u00f5es. H\u00e1 muito que esper\u00e1vamos esse registro. O disco Timelapse \u00e9 muito bom! \n\nBem, seria f\u00e1cil ficar horas escrevendo sobre esse que reputo como o melhor arranjador e o m\u00fasico mais talentoso e vers\u00e1til que conheci em toda minha carreira. Deus permita seja o primeiro de muitos.<\/div>\n\t\t\t\n\t\t\t\t\t\t<div class=\"elementor-testimonial-meta elementor-has-image elementor-testimonial-image-position-aside\">\n\t\t\t\t<div class=\"elementor-testimonial-meta-inner\">\n\t\t\t\t\t\t\t\t\t\t\t<div class=\"elementor-testimonial-image\">\n\t\t\t\t\t\t\t<img loading=\"lazy\" decoding=\"async\" width=\"480\" height=\"480\" src=\"https:\/\/brito.art.br\/wp-content\/uploads\/2020\/10\/joaoinacio.jpg\" class=\"attachment-full size-full\" alt=\"\" srcset=\"https:\/\/brito.art.br\/wp-content\/uploads\/2020\/10\/joaoinacio.jpg 480w, https:\/\/brito.art.br\/wp-content\/uploads\/2020\/10\/joaoinacio-300x300.jpg 300w, https:\/\/brito.art.br\/wp-content\/uploads\/2020\/10\/joaoinacio-150x150.jpg 150w, https:\/\/brito.art.br\/wp-content\/uploads\/2020\/10\/joaoinacio-180x180.jpg 180w\" sizes=\"auto, (max-width: 480px) 100vw, 480px\" \/>\t\t\t\t\t\t<\/div>\n\t\t\t\t\t\n\t\t\t\t\t\t\t\t\t\t<div class=\"elementor-testimonial-details\">\n\t\t\t\t\t\t\t\t\t\t\t\t\t\t<div class=\"elementor-testimonial-name\">Jo\u00e3o In\u00e1cio<\/div>\n\t\t\t\t\t\t\t\t\t\t\t\t\t\t\t\t\t\t\t\t\t\t<div class=\"elementor-testimonial-job\">Cineasta e Compositor<\/div>\n\t\t\t\t\t\t\t\t\t\t\t\t\t<\/div>\n\t\t\t\t\t\t\t\t\t<\/div>\n\t\t\t<\/div>\n\t\t\t\t\t<\/div>\n\t\t\t\t<\/div>\n\t\t\t\t<\/div>\n\t\t\t\t\t\t<\/div>\n\t\t\t\t\t<\/div>\n\t\t<\/div>\n\t\t\t\t\t\t\t\t<\/div>\n\t\t\t\t\t<\/div>\n\t\t<\/section>\n\t\t\t\t\t\t<\/div>\n\t\t\t\t\t\t<\/div>\n\t\t\t\t\t<\/div>\n\t\t","protected":false},"excerpt":{"rendered":"<p>Pesa sobre mim uma grande responsabilidade em falar do Sidnei<\/p>\n<p class=\"more-link\"><a href=\"https:\/\/brito.art.br\/index.php\/depoimentos\/\" class=\"readmore\">Saiba mais&#8230;<span class=\"screen-reader-text\">Depoimentos<\/span><\/a><\/p>\n","protected":false},"author":1,"featured_media":0,"parent":0,"menu_order":0,"comment_status":"closed","ping_status":"closed","template":"","meta":{"footnotes":"","_links_to":"","_links_to_target":""},"class_list":["post-26","page","type-page","status-publish","hentry"],"_links":{"self":[{"href":"https:\/\/brito.art.br\/index.php\/wp-json\/wp\/v2\/pages\/26","targetHints":{"allow":["GET"]}}],"collection":[{"href":"https:\/\/brito.art.br\/index.php\/wp-json\/wp\/v2\/pages"}],"about":[{"href":"https:\/\/brito.art.br\/index.php\/wp-json\/wp\/v2\/types\/page"}],"author":[{"embeddable":true,"href":"https:\/\/brito.art.br\/index.php\/wp-json\/wp\/v2\/users\/1"}],"replies":[{"embeddable":true,"href":"https:\/\/brito.art.br\/index.php\/wp-json\/wp\/v2\/comments?post=26"}],"version-history":[{"count":48,"href":"https:\/\/brito.art.br\/index.php\/wp-json\/wp\/v2\/pages\/26\/revisions"}],"predecessor-version":[{"id":232,"href":"https:\/\/brito.art.br\/index.php\/wp-json\/wp\/v2\/pages\/26\/revisions\/232"}],"wp:attachment":[{"href":"https:\/\/brito.art.br\/index.php\/wp-json\/wp\/v2\/media?parent=26"}],"curies":[{"name":"wp","href":"https:\/\/api.w.org\/{rel}","templated":true}]}}