{"id":22,"date":"2020-10-02T17:15:55","date_gmt":"2020-10-02T20:15:55","guid":{"rendered":"http:\/\/brito.art.br\/?page_id=22"},"modified":"2020-12-08T15:31:16","modified_gmt":"2020-12-08T18:31:16","slug":"sobre-mim","status":"publish","type":"page","link":"https:\/\/brito.art.br\/index.php\/sobre-mim\/","title":{"rendered":"Sobre mim"},"content":{"rendered":"\t\t<div data-elementor-type=\"wp-page\" data-elementor-id=\"22\" class=\"elementor elementor-22\" data-elementor-settings=\"[]\">\n\t\t\t\t\t\t<div class=\"elementor-inner\">\n\t\t\t\t\t\t\t<div class=\"elementor-section-wrap\">\n\t\t\t\t\t\t\t<section class=\"elementor-section elementor-top-section elementor-element elementor-element-d90744f elementor-section-boxed elementor-section-height-default elementor-section-height-default\" data-id=\"d90744f\" data-element_type=\"section\">\n\t\t\t\t\t\t<div class=\"elementor-container elementor-column-gap-default\">\n\t\t\t\t\t\t\t<div class=\"elementor-row\">\n\t\t\t\t\t<div class=\"elementor-column elementor-col-100 elementor-top-column elementor-element elementor-element-e84c0a3\" data-id=\"e84c0a3\" data-element_type=\"column\">\n\t\t\t<div class=\"elementor-column-wrap elementor-element-populated\">\n\t\t\t\t\t\t\t<div class=\"elementor-widget-wrap\">\n\t\t\t\t\t\t<div class=\"elementor-element elementor-element-3af84e1 elementor-widget elementor-widget-heading\" data-id=\"3af84e1\" data-element_type=\"widget\" data-widget_type=\"heading.default\">\n\t\t\t\t<div class=\"elementor-widget-container\">\n\t\t\t<h5 class=\"elementor-heading-title elementor-size-default\">\"Voc\u00ea escapou por pouco de ser um baita breg\u00e3o bitolado\"<\/h5>\t\t<\/div>\n\t\t\t\t<\/div>\n\t\t\t\t\t\t<\/div>\n\t\t\t\t\t<\/div>\n\t\t<\/div>\n\t\t\t\t\t\t\t\t<\/div>\n\t\t\t\t\t<\/div>\n\t\t<\/section>\n\t\t\t\t<section class=\"elementor-section elementor-top-section elementor-element elementor-element-3053788 elementor-section-boxed elementor-section-height-default elementor-section-height-default\" data-id=\"3053788\" data-element_type=\"section\">\n\t\t\t\t\t\t<div class=\"elementor-container elementor-column-gap-default\">\n\t\t\t\t\t\t\t<div class=\"elementor-row\">\n\t\t\t\t\t<div class=\"elementor-column elementor-col-100 elementor-top-column elementor-element elementor-element-767b74a\" data-id=\"767b74a\" data-element_type=\"column\">\n\t\t\t<div class=\"elementor-column-wrap elementor-element-populated\">\n\t\t\t\t\t\t\t<div class=\"elementor-widget-wrap\">\n\t\t\t\t\t\t<div class=\"elementor-element elementor-element-501c142 elementor-widget elementor-widget-text-editor\" data-id=\"501c142\" data-element_type=\"widget\" data-widget_type=\"text-editor.default\">\n\t\t\t\t<div class=\"elementor-widget-container\">\n\t\t\t\t\t<div class=\"elementor-text-editor elementor-clearfix\"><p>Uma amiga sempre me disse isso porque durante minha inf\u00e2ncia eu n\u00e3o tive muitas influ\u00eancias musicais. Na verdade, como sou de fam\u00edlia crist\u00e3 bem tradicional, meus pais tinham muitos LPs de corais e bandas marciais, conjuntos masculinos e, sobretudo, cantores, cantores bregas, que na \u00e9poca faziam muito sucesso nas igrejas evang\u00e9licas. Hoje, compreendo que o que n\u00e3o mata engorda e a diversidade de estilo apenas demonstram roupagens musicais que podem ser tidas como mais ou menos populares. Todas s\u00e3o facetas de uma mesma divina cria\u00e7\u00e3o: a m\u00fasica.<\/p><p>Na verdade, antes disso, aos 9 anos, eu j\u00e1 estudava piano erudito e aos 13 eu j\u00e1 tocava clarinete na igreja. At\u00e9 que algo novo surgiu e me permitiu ver novos acordes: a m\u00fasica de Vencedores por Cristo, Som maior, Elo, Jovens da Verdade e Rebanh\u00e3o. Exceto esse \u00faltimo, que estava na vanguarda para os moldes de m\u00fasica evang\u00e9lica da \u00e9poca, embora no estilo tradicional, os demais fugiam ao lugar comum e paradoxalmente eram ao mesmo tempo simples e complexos. Simples na mensagem que transmitiam e complexos nas harmoniza\u00e7\u00f5es que muitas vezes empregavam em seus arranjos.<\/p><p>Paralelamente, por influ\u00eancia de alguns amigos do conservat\u00f3rio de m\u00fasica onde estudava, mantive meus primeiros contatos Queen, Gilberto Gil, Jo\u00e3o Donato e Toquinho, mas sobretudo o viol\u00e3o de Paulinho Nogueira me transportava para novos campos harm\u00f4nicos. Interessante, hoje vejo como foi suave e importante essa modula\u00e7\u00e3o na m\u00fasica da minha vida. Se hoje consigo facilmente me adequar aos mais variados estilos musicais, essa variedade de influ\u00eancias \u00e9 a explica\u00e7\u00e3o.<\/p><p>Aquele mundo novo era deslumbrante, mas quem quase explodiu o meu c\u00e9rebro foi o genial Chick Corea. Ele me influenciou tanto que no disco h\u00e1 uma m\u00fasica em sua homenagem. Eu ouvia, ouvia e ouvia tudo que ele fazia. Tentava repetir a sonoridade do disco da Eletrik Band e, claro, n\u00e3o consegui, mas ficou a refer\u00eancia.<\/p><p>Nos anos 1984 e 1985 acompanhei os grupos evang\u00e9licos Jovens da Verdade e Logos, mas em 1985, por meio de amigos cariocas, tive acesso a muita coisa boa. Passei a conhecer gente como M\u00e1rcio Montarroyos, Banda Black In Rio, Andra\u00e9 Crouch, Imperials, George Duke e Zimbo Trio, dentre muitos outros. Depois veio o Yellow Jackets, que era a fus\u00e3o perfeita do jazz e da m\u00fasica mais f\u00e1cil de entender. Com as edi\u00e7\u00f5es do Free Jazz Festival da extinta TV Manchete apareceram Michael Camillo e outros m\u00fasicos que nunca mais sa\u00edram do meu radar. Por\u00e9m, de todos m\u00fasicos de Jazz, Pop e Gospel, quem mais marcou minha trajet\u00f3ria musical foi Al Jarreau. O primeiro trabalho que ouvi dele foi o disco \u201cJarreau, 1983\u201d. Que disco fant\u00e1stico! Incr\u00edvel como ela cantava Jazz, Pop, Rock e gospel com tanta personalidade.<\/p><p>A essa altura j\u00e1 n\u00e3o tinha d\u00favida que m\u00fasica era o meu destino. Jovens da minha idade queriam curtir, eu queria tocar. Passei a tocar em bares, bailes e est\u00fadios. Tocava em qualquer lugar onde houvesse um teclado ligado. Gra\u00e7as a experi\u00eancia desses diversos palcos pude acompanhar m\u00fasicos como Jamel\u00e3o, Miriam Batucada, Ca\u00e7ulinha, Ra\u00e7a Negra e por 16 anos acompanhei a dupla sertaneja Bruno e Marrone. Antes, durante e depois desse per\u00edodo, nunca perdi o contato com o meio de onde surgi e toquei nos discos de grupos musicais evang\u00e9licos como Voz da Verdade, Grupo Logos e Milad. Produzi e arranjei os muitos discos de Valter J\u00fanior, Gl\u00e1ucia Carvalho, Jo\u00e3o In\u00e1cio e Ran\u00fazia, Robson Nascimento, Beto Dourah, J\u00fanior Minist\u00e9rio Toque de Poder, Gladson Clay, Grupo Semeador e Estilo de Vida, dentre muitos, muitos outros.<\/p><\/div>\n\t\t\t\t<\/div>\n\t\t\t\t<\/div>\n\t\t\t\t\t\t<\/div>\n\t\t\t\t\t<\/div>\n\t\t<\/div>\n\t\t\t\t\t\t\t\t<\/div>\n\t\t\t\t\t<\/div>\n\t\t<\/section>\n\t\t\t\t<section class=\"elementor-section elementor-top-section elementor-element elementor-element-e2778ac elementor-section-boxed elementor-section-height-default elementor-section-height-default\" data-id=\"e2778ac\" data-element_type=\"section\">\n\t\t\t\t\t\t<div class=\"elementor-container elementor-column-gap-default\">\n\t\t\t\t\t\t\t<div class=\"elementor-row\">\n\t\t\t\t\t<div class=\"elementor-column elementor-col-100 elementor-top-column elementor-element elementor-element-8af0ac4\" data-id=\"8af0ac4\" data-element_type=\"column\">\n\t\t\t<div class=\"elementor-column-wrap elementor-element-populated\">\n\t\t\t\t\t\t\t<div class=\"elementor-widget-wrap\">\n\t\t\t\t\t\t<div class=\"elementor-element elementor-element-2f0c248 elementor-widget elementor-widget-heading\" data-id=\"2f0c248\" data-element_type=\"widget\" data-widget_type=\"heading.default\">\n\t\t\t\t<div class=\"elementor-widget-container\">\n\t\t\t<h5 class=\"elementor-heading-title elementor-size-default\">\"TIMELAPSE\"<\/h5>\t\t<\/div>\n\t\t\t\t<\/div>\n\t\t\t\t\t\t<\/div>\n\t\t\t\t\t<\/div>\n\t\t<\/div>\n\t\t\t\t\t\t\t\t<\/div>\n\t\t\t\t\t<\/div>\n\t\t<\/section>\n\t\t\t\t<section class=\"elementor-section elementor-top-section elementor-element elementor-element-80f70f6 elementor-section-boxed elementor-section-height-default elementor-section-height-default\" data-id=\"80f70f6\" data-element_type=\"section\">\n\t\t\t\t\t\t<div class=\"elementor-container elementor-column-gap-default\">\n\t\t\t\t\t\t\t<div class=\"elementor-row\">\n\t\t\t\t\t<div class=\"elementor-column elementor-col-100 elementor-top-column elementor-element elementor-element-f94683c\" data-id=\"f94683c\" data-element_type=\"column\">\n\t\t\t<div class=\"elementor-column-wrap elementor-element-populated\">\n\t\t\t\t\t\t\t<div class=\"elementor-widget-wrap\">\n\t\t\t\t\t\t<div class=\"elementor-element elementor-element-8dfd11e elementor-widget elementor-widget-text-editor\" data-id=\"8dfd11e\" data-element_type=\"widget\" data-widget_type=\"text-editor.default\">\n\t\t\t\t<div class=\"elementor-widget-container\">\n\t\t\t\t\t<div class=\"elementor-text-editor elementor-clearfix\"><p>Quem decide viver do of\u00edcio de tocar, gravar e produzir m\u00fasica para os outros precisa aprender o que h\u00e1 de melhor e pior na palavra altru\u00edsmo. Abrir m\u00e3o do que gosta para que o seu cliente sinta-se satisfeito \u00e9 sempre um ponto de tens\u00e3o. In\u00fameras vezes desejei que uma determinada sequ\u00eancia harm\u00f4nica de um arranjo fosse como nas faixas do Eletrik Band, mas n\u00e3o poderia impor isso porque o cliente n\u00e3o era o Chick Corea (nada impede sonhar, n\u00e9?). Ser um oper\u00e1rio da m\u00fasica \u00e9 bom, paga as contas do dia, mas pode frustrar se voc\u00ea tem algo al\u00e9m pra oferecer.<\/p><p>Ao longo dos anos passei a compor m\u00fasicas que expressam minha assinatura musical ao mesmo tempo que registram fases da minha vida. Foi assim, uma por vez, como que registrando em semibreves momentos especiais da minha vida, surgiram composi\u00e7\u00f5es que agora juntas tornam-se em meu primeiro disco: TIMELAPSE.<\/p><p>Ah, respondendo \u00e0 minha amiga: n\u00e3o, n\u00e3o virei um baita breg\u00e3o bitolado.<br \/>Viva a m\u00fasica!<\/p><\/div>\n\t\t\t\t<\/div>\n\t\t\t\t<\/div>\n\t\t\t\t\t\t<\/div>\n\t\t\t\t\t<\/div>\n\t\t<\/div>\n\t\t\t\t\t\t\t\t<\/div>\n\t\t\t\t\t<\/div>\n\t\t<\/section>\n\t\t\t\t<section class=\"elementor-section elementor-top-section elementor-element elementor-element-22bc865 elementor-section-boxed elementor-section-height-default elementor-section-height-default\" data-id=\"22bc865\" data-element_type=\"section\">\n\t\t\t\t\t\t<div class=\"elementor-container elementor-column-gap-default\">\n\t\t\t\t\t\t\t<div class=\"elementor-row\">\n\t\t\t\t\t<div class=\"elementor-column elementor-col-100 elementor-top-column elementor-element elementor-element-c68dc71\" data-id=\"c68dc71\" data-element_type=\"column\">\n\t\t\t<div class=\"elementor-column-wrap elementor-element-populated\">\n\t\t\t\t\t\t\t<div class=\"elementor-widget-wrap\">\n\t\t\t\t\t\t<div class=\"elementor-element elementor-element-215ebd8 elementor-widget elementor-widget-heading\" data-id=\"215ebd8\" data-element_type=\"widget\" data-widget_type=\"heading.default\">\n\t\t\t\t<div class=\"elementor-widget-container\">\n\t\t\t<h6 class=\"elementor-heading-title elementor-size-default\">Sidnei Brito<\/h6>\t\t<\/div>\n\t\t\t\t<\/div>\n\t\t\t\t\t\t<\/div>\n\t\t\t\t\t<\/div>\n\t\t<\/div>\n\t\t\t\t\t\t\t\t<\/div>\n\t\t\t\t\t<\/div>\n\t\t<\/section>\n\t\t\t\t\t\t<\/div>\n\t\t\t\t\t\t<\/div>\n\t\t\t\t\t<\/div>\n\t\t","protected":false},"excerpt":{"rendered":"<p>&#8220;Voc\u00ea escapou por pouco de ser um baita breg\u00e3o bitolado&#8221;<\/p>\n<p class=\"more-link\"><a href=\"https:\/\/brito.art.br\/index.php\/sobre-mim\/\" class=\"readmore\">Saiba mais&#8230;<span class=\"screen-reader-text\">Sobre mim<\/span><\/a><\/p>\n","protected":false},"author":1,"featured_media":7,"parent":0,"menu_order":0,"comment_status":"closed","ping_status":"closed","template":"","meta":{"footnotes":"","_links_to":"","_links_to_target":""},"class_list":["post-22","page","type-page","status-publish","has-post-thumbnail","hentry"],"_links":{"self":[{"href":"https:\/\/brito.art.br\/index.php\/wp-json\/wp\/v2\/pages\/22","targetHints":{"allow":["GET"]}}],"collection":[{"href":"https:\/\/brito.art.br\/index.php\/wp-json\/wp\/v2\/pages"}],"about":[{"href":"https:\/\/brito.art.br\/index.php\/wp-json\/wp\/v2\/types\/page"}],"author":[{"embeddable":true,"href":"https:\/\/brito.art.br\/index.php\/wp-json\/wp\/v2\/users\/1"}],"replies":[{"embeddable":true,"href":"https:\/\/brito.art.br\/index.php\/wp-json\/wp\/v2\/comments?post=22"}],"version-history":[{"count":9,"href":"https:\/\/brito.art.br\/index.php\/wp-json\/wp\/v2\/pages\/22\/revisions"}],"predecessor-version":[{"id":52,"href":"https:\/\/brito.art.br\/index.php\/wp-json\/wp\/v2\/pages\/22\/revisions\/52"}],"wp:featuredmedia":[{"embeddable":true,"href":"https:\/\/brito.art.br\/index.php\/wp-json\/wp\/v2\/media\/7"}],"wp:attachment":[{"href":"https:\/\/brito.art.br\/index.php\/wp-json\/wp\/v2\/media?parent=22"}],"curies":[{"name":"wp","href":"https:\/\/api.w.org\/{rel}","templated":true}]}}